{"id":132,"date":"2026-01-20T03:51:35","date_gmt":"2026-01-20T03:51:35","guid":{"rendered":"https:\/\/www.whitlowcorrea.com\/?page_id=132"},"modified":"2026-04-27T15:09:00","modified_gmt":"2026-04-27T15:09:00","slug":"videos-and-essays-with-legal-tips","status":"publish","type":"page","link":"https:\/\/www.whitlowcorrea.com\/es\/videos-and-essays-with-legal-tips\/","title":{"rendered":"V\u00eddeos y Ensayos con tips legales"},"content":{"rendered":"<div class=\"wp-block-group alignfull is-style-ext-preset--group--natural-1--section has-background-background-color has-background has-global-padding is-layout-constrained wp-container-core-group-is-layout-e955bbaf wp-block-group-is-layout-constrained\" style=\"margin-top:0;margin-bottom:0;padding-top:var(--wp--preset--spacing--70);padding-bottom:var(--wp--preset--spacing--70)\">\n<div class=\"wp-block-group alignwide is-vertical is-content-justification-center is-layout-flex wp-container-core-group-is-layout-c9ee0c5a wp-block-group-is-layout-flex\">\n<div class=\"wp-block-group has-global-padding is-layout-constrained wp-container-core-group-is-layout-5e05634a wp-block-group-is-layout-constrained\">\n<h2 class=\"wp-block-heading has-text-align-center\">Contenido \u00fatil para evitar molest\u00edas <\/h2>\n<\/div>\n<\/div>\n\n\n\n<div class=\"wp-block-columns alignwide is-layout-flex wp-container-core-columns-is-layout-08c01c1c wp-block-columns-is-layout-flex\">\n<div class=\"wp-block-column is-vertically-aligned-stretch is-layout-flow wp-container-core-column-is-layout-f5bb311e wp-block-column-is-layout-flow\">\n<div class=\"wp-block-group is-style-ext-preset--group--natural-1--item-card-1--align-center has-global-padding is-layout-constrained wp-block-group-is-layout-constrained is-style-ext-preset--group--natural-1--item-card-1--align-center--2\">\n<figure class=\"wp-block-image aligncenter size-large ext-aspect-landscape\"><img loading=\"lazy\" decoding=\"async\" width=\"1440\" height=\"960\" src=\"https:\/\/www.whitlowcorrea.com\/wp-content\/uploads\/2026\/01\/ea2f0d413d4b89e1f74eca6f4e72c4f733cac22f.jpg\" alt=\"\" class=\"wp-image-138\" style=\"aspect-ratio:4\/3;object-fit:cover\" srcset=\"https:\/\/www.whitlowcorrea.com\/wp-content\/uploads\/2026\/01\/ea2f0d413d4b89e1f74eca6f4e72c4f733cac22f.jpg 1440w, https:\/\/www.whitlowcorrea.com\/wp-content\/uploads\/2026\/01\/ea2f0d413d4b89e1f74eca6f4e72c4f733cac22f-300x200.jpg 300w, https:\/\/www.whitlowcorrea.com\/wp-content\/uploads\/2026\/01\/ea2f0d413d4b89e1f74eca6f4e72c4f733cac22f-1024x683.jpg 1024w, https:\/\/www.whitlowcorrea.com\/wp-content\/uploads\/2026\/01\/ea2f0d413d4b89e1f74eca6f4e72c4f733cac22f-768x512.jpg 768w, https:\/\/www.whitlowcorrea.com\/wp-content\/uploads\/2026\/01\/ea2f0d413d4b89e1f74eca6f4e72c4f733cac22f-18x12.jpg 18w\" sizes=\"auto, (max-width: 1440px) 100vw, 1440px\" \/><\/figure>\n\n\n\n<div class=\"wp-block-group is-style-default has-global-padding is-layout-constrained wp-block-group-is-layout-constrained\">\n<h3 class=\"wp-block-heading has-text-align-center\">V\u00eddeos<\/h3>\n\n\n\n<p class=\"has-text-align-center\">\u00bfA\u00fan inseguro, sobre si agendar una consulta? Intenta algunos de mis v\u00eddeos para informaci\u00f3n \u00fatil.<\/p>\n\n\n\n<div class=\"wp-block-buttons is-content-justification-center is-layout-flex wp-container-core-buttons-is-layout-a89b3969 wp-block-buttons-is-layout-flex\">\n<div class=\"wp-block-button is-style-ext-preset--button--natural-1--button-1 is-style-ext-preset--button--natural-1--button-1--3\"><a class=\"wp-block-button__link wp-element-button\" href=\"https:\/\/youtube.com\/@brianwhitlowcorrea?si=I07F_sLcLJWIlE9O\">Watch Now<\/a><\/div>\n<\/div>\n<\/div>\n<\/div>\n<\/div>\n\n\n\n<div class=\"wp-block-column is-vertically-aligned-stretch is-layout-flow wp-container-core-column-is-layout-f5bb311e wp-block-column-is-layout-flow\">\n<div class=\"wp-block-group is-style-ext-preset--group--natural-1--item-card-1--align-center has-global-padding is-layout-constrained wp-block-group-is-layout-constrained is-style-ext-preset--group--natural-1--item-card-1--align-center--4\">\n<figure class=\"wp-block-image aligncenter size-large ext-aspect-landscape\"><img loading=\"lazy\" decoding=\"async\" width=\"1440\" height=\"960\" src=\"https:\/\/www.whitlowcorrea.com\/wp-content\/uploads\/2026\/01\/f933682debdb6a36247034802fe689ba7d6cf9a1.jpg\" alt=\"\" class=\"wp-image-139\" style=\"aspect-ratio:4\/3;object-fit:cover\" srcset=\"https:\/\/www.whitlowcorrea.com\/wp-content\/uploads\/2026\/01\/f933682debdb6a36247034802fe689ba7d6cf9a1.jpg 1440w, https:\/\/www.whitlowcorrea.com\/wp-content\/uploads\/2026\/01\/f933682debdb6a36247034802fe689ba7d6cf9a1-300x200.jpg 300w, https:\/\/www.whitlowcorrea.com\/wp-content\/uploads\/2026\/01\/f933682debdb6a36247034802fe689ba7d6cf9a1-1024x683.jpg 1024w, https:\/\/www.whitlowcorrea.com\/wp-content\/uploads\/2026\/01\/f933682debdb6a36247034802fe689ba7d6cf9a1-768x512.jpg 768w, https:\/\/www.whitlowcorrea.com\/wp-content\/uploads\/2026\/01\/f933682debdb6a36247034802fe689ba7d6cf9a1-18x12.jpg 18w\" sizes=\"auto, (max-width: 1440px) 100vw, 1440px\" \/><\/figure>\n\n\n\n<div class=\"wp-block-group is-style-default has-global-padding is-layout-constrained wp-block-group-is-layout-constrained\">\n<h3 class=\"wp-block-heading has-text-align-center\">Ensayos<\/h3>\n\n\n\n<p class=\"has-text-align-center\">Ensayos ricos en conocimiento, pero en un lenguaje comprensivo para tu comodidad.<\/p>\n\n\n\n<div class=\"wp-block-buttons is-content-justification-center is-layout-flex wp-container-core-buttons-is-layout-a89b3969 wp-block-buttons-is-layout-flex\">\n<div class=\"wp-block-button is-style-ext-preset--button--natural-1--button-1 is-style-ext-preset--button--natural-1--button-1--5\"><a class=\"wp-block-button__link wp-element-button\" href=\"https:\/\/www.whitlowcorrea.com\/es\/the-whitlaw-blog\/\">Read More<\/a><\/div>\n<\/div>\n<\/div>\n<\/div>\n<\/div>\n<\/div>\n<\/div>","protected":false},"excerpt":{"rendered":"<p>Useful Content to Save you Some Trouble. Featured Videos Not sure about a consult? Try looking through my YouTube, for engaging and informative videos. In-Depth Essays Essays with a wealth of knowledge, but in a comprehensive language for your confort.<\/p>","protected":false},"author":1,"featured_media":0,"parent":0,"menu_order":0,"comment_status":"closed","ping_status":"closed","template":"page-with-title","meta":{"_monsterinsights_skip_tracking":false,"_monsterinsights_sitenote_active":false,"_monsterinsights_sitenote_note":"","_monsterinsights_sitenote_category":0,"_uf_show_specific_survey":0,"_uf_disable_surveys":false,"footnotes":""},"class_list":["post-132","page","type-page","status-publish","hentry"],"aioseo_notices":[],"_links":{"self":[{"href":"https:\/\/www.whitlowcorrea.com\/es\/wp-json\/wp\/v2\/pages\/132","targetHints":{"allow":["GET"]}}],"collection":[{"href":"https:\/\/www.whitlowcorrea.com\/es\/wp-json\/wp\/v2\/pages"}],"about":[{"href":"https:\/\/www.whitlowcorrea.com\/es\/wp-json\/wp\/v2\/types\/page"}],"author":[{"embeddable":true,"href":"https:\/\/www.whitlowcorrea.com\/es\/wp-json\/wp\/v2\/users\/1"}],"replies":[{"embeddable":true,"href":"https:\/\/www.whitlowcorrea.com\/es\/wp-json\/wp\/v2\/comments?post=132"}],"version-history":[{"count":6,"href":"https:\/\/www.whitlowcorrea.com\/es\/wp-json\/wp\/v2\/pages\/132\/revisions"}],"predecessor-version":[{"id":175,"href":"https:\/\/www.whitlowcorrea.com\/es\/wp-json\/wp\/v2\/pages\/132\/revisions\/175"}],"wp:attachment":[{"href":"https:\/\/www.whitlowcorrea.com\/es\/wp-json\/wp\/v2\/media?parent=132"}],"curies":[{"name":"wp","href":"https:\/\/api.w.org\/{rel}","templated":true}]}}