{"id":27,"date":"2026-01-15T15:37:27","date_gmt":"2026-01-15T15:37:27","guid":{"rendered":"https:\/\/www.whitlowcorrea.com\/about\/"},"modified":"2026-01-26T15:45:44","modified_gmt":"2026-01-26T15:45:44","slug":"about","status":"publish","type":"page","link":"https:\/\/www.whitlowcorrea.com\/es\/about\/","title":{"rendered":"Acerca de"},"content":{"rendered":"<div class=\"wp-block-group alignfull is-style-ext-preset--group--natural-1--section has-background-background-color has-background has-global-padding is-layout-constrained wp-block-group-is-layout-constrained\" id=\"about\" style=\"margin-top:0;margin-bottom:0;padding-top:var(--wp--preset--spacing--70);padding-bottom:var(--wp--preset--spacing--70)\">\n<div class=\"wp-block-columns alignwide are-vertically-aligned-center is-layout-flex wp-container-core-columns-is-layout-174606dc wp-block-columns-is-layout-flex\">\n<div class=\"wp-block-column is-vertically-aligned-center is-layout-flow wp-block-column-is-layout-flow\">\n<div class=\"wp-block-group alignwide is-vertical is-layout-flex wp-container-core-group-is-layout-c35747d5 wp-block-group-is-layout-flex\">\n<div class=\"wp-block-group has-global-padding is-layout-constrained wp-container-core-group-is-layout-dd32767c wp-block-group-is-layout-constrained\">\n<h2 class=\"wp-block-heading\">Abogado Paname\u00f1o Comprometido con tus Necesidades<\/h2>\n\n\n\n<p>Brian Whitlow Correa, entrega un servicio experto, basado en profesionalismo y un servicio al cliente personalizado, llevando cada caso con integridad y compromiso.<\/p>\n\n\n\n<p>Con m\u00e1s de 10 a\u00f1os de experiencia en temas legales, con un enfoque en servicios migratorios, compraventas de inmuebles entre otros, para clientes, tanto comerciales y corporativos, como tambi\u00e9n individuos y familias de todo tipo. Brian Whitlow Correa, tiene el conocimiento y cuidado para darte el servicio de calidad y eficiencia que necesitas.<\/p>\n\n\n\n<p>Operando principalmente desde la ciudad de Penonom\u00e9 Cocl\u00e9, Brian Whitlow Correa, tiene la capacidad de brindar un servicio personalizado en varias ubicaciones de Panam\u00e1, tales como la ciudad de Panam\u00e1, Coronado (Panam\u00e1 Oeste), Pedas\u00ed y muchos m\u00e1s.<\/p>\n<\/div>\n<\/div>\n<\/div>\n\n\n\n<div class=\"wp-block-column is-vertically-aligned-center is-layout-flow wp-block-column-is-layout-flow\">\n<figure class=\"wp-block-image size-full is-style-ext-preset--image--natural-1--image-1--content-left is-style-ext-preset--image--natural-1--image-1--content-left--2\"><img loading=\"lazy\" decoding=\"async\" width=\"978\" height=\"941\" src=\"https:\/\/www.whitlowcorrea.com\/wp-content\/uploads\/2026\/01\/WhatsApp-Image-2026-01-12-at-5.08.04-PM-1.jpeg\" alt=\"\" class=\"wp-image-86\" style=\"aspect-ratio:1;object-fit:cover\" srcset=\"https:\/\/www.whitlowcorrea.com\/wp-content\/uploads\/2026\/01\/WhatsApp-Image-2026-01-12-at-5.08.04-PM-1.jpeg 978w, https:\/\/www.whitlowcorrea.com\/wp-content\/uploads\/2026\/01\/WhatsApp-Image-2026-01-12-at-5.08.04-PM-1-300x289.jpeg 300w, https:\/\/www.whitlowcorrea.com\/wp-content\/uploads\/2026\/01\/WhatsApp-Image-2026-01-12-at-5.08.04-PM-1-768x739.jpeg 768w, https:\/\/www.whitlowcorrea.com\/wp-content\/uploads\/2026\/01\/WhatsApp-Image-2026-01-12-at-5.08.04-PM-1-12x12.jpeg 12w\" sizes=\"auto, (max-width: 978px) 100vw, 978px\" \/><\/figure>\n<\/div>\n<\/div>\n<\/div>","protected":false},"excerpt":{"rendered":"<p>Dedicated Panamanian Lawyer Committed to Your Needs Brian Whitlow Correa delivers legal expertise rooted in personalized, professional client care, guiding every case with integrity and commitment. With over 10 years experience in the legal industry, with a specialty in immigration services, real estate purchases, among other services, for both commercial and corporate clients, as well [&hellip;]<\/p>\n","protected":false},"author":1,"featured_media":0,"parent":0,"menu_order":0,"comment_status":"closed","ping_status":"closed","template":"page-with-title","meta":{"_monsterinsights_skip_tracking":false,"_monsterinsights_sitenote_active":false,"_monsterinsights_sitenote_note":"","_monsterinsights_sitenote_category":0,"_uf_show_specific_survey":0,"_uf_disable_surveys":false,"footnotes":""},"class_list":["post-27","page","type-page","status-publish","hentry"],"aioseo_notices":[],"_links":{"self":[{"href":"https:\/\/www.whitlowcorrea.com\/es\/wp-json\/wp\/v2\/pages\/27","targetHints":{"allow":["GET"]}}],"collection":[{"href":"https:\/\/www.whitlowcorrea.com\/es\/wp-json\/wp\/v2\/pages"}],"about":[{"href":"https:\/\/www.whitlowcorrea.com\/es\/wp-json\/wp\/v2\/types\/page"}],"author":[{"embeddable":true,"href":"https:\/\/www.whitlowcorrea.com\/es\/wp-json\/wp\/v2\/users\/1"}],"replies":[{"embeddable":true,"href":"https:\/\/www.whitlowcorrea.com\/es\/wp-json\/wp\/v2\/comments?post=27"}],"version-history":[{"count":6,"href":"https:\/\/www.whitlowcorrea.com\/es\/wp-json\/wp\/v2\/pages\/27\/revisions"}],"predecessor-version":[{"id":143,"href":"https:\/\/www.whitlowcorrea.com\/es\/wp-json\/wp\/v2\/pages\/27\/revisions\/143"}],"wp:attachment":[{"href":"https:\/\/www.whitlowcorrea.com\/es\/wp-json\/wp\/v2\/media?parent=27"}],"curies":[{"name":"wp","href":"https:\/\/api.w.org\/{rel}","templated":true}]}}